{"id":8,"date":"2023-08-20T10:33:48","date_gmt":"2023-08-20T10:33:48","guid":{"rendered":"https:\/\/acelewebsite.com\/nessnw\/?page_id=8"},"modified":"2023-12-13T11:43:16","modified_gmt":"2023-12-13T11:43:16","slug":"ana-sayfa","status":"publish","type":"page","link":"https:\/\/geassikayet.gama.com.tr\/tr\/","title":{"rendered":"Homepage"},"content":{"rendered":"<div data-elementor-type=\"wp-page\" data-elementor-id=\"8\" class=\"elementor elementor-8\" data-elementor-post-type=\"page\">\n\t\t\t\t\t\t\t<div class=\"elementor-element elementor-element-534f3cc e-flex e-con-boxed e-con e-parent\" data-id=\"534f3cc\" data-element_type=\"container\" data-settings=\"{&quot;container_type&quot;:&quot;flex&quot;,&quot;content_width&quot;:&quot;boxed&quot;}\" data-core-v316-plus=\"true\">\n\t\t\t\t\t<div class=\"e-con-inner\">\n\t\t<div class=\"elementor-element elementor-element-dfca299 e-flex e-con-boxed e-con e-child\" data-id=\"dfca299\" data-element_type=\"container\" data-settings=\"{&quot;background_background&quot;:&quot;classic&quot;,&quot;container_type&quot;:&quot;flex&quot;,&quot;content_width&quot;:&quot;boxed&quot;}\">\n\t\t\t\t\t<div class=\"e-con-inner\">\n\t\t\t\t<div class=\"elementor-element elementor-element-76e294c elementor-widget elementor-widget-image\" data-id=\"76e294c\" data-element_type=\"widget\" data-widget_type=\"image.default\">\n\t\t\t\t<div class=\"elementor-widget-container\">\n\t\t\t<style>\/*! elementor - v3.18.0 - 08-12-2023 *\/\n.elementor-widget-image{text-align:center}.elementor-widget-image a{display:inline-block}.elementor-widget-image a img[src$=\".svg\"]{width:48px}.elementor-widget-image img{vertical-align:middle;display:inline-block}<\/style>\t\t\t\t\t\t\t\t\t\t\t\t<img fetchpriority=\"high\" decoding=\"async\" width=\"1000\" height=\"347\" src=\"https:\/\/geassikayet.gama.com.tr\/wp-content\/uploads\/2023\/11\/a.jpg\" class=\"attachment-full size-full wp-image-114\" alt=\"\" srcset=\"https:\/\/geassikayet.gama.com.tr\/wp-content\/uploads\/2023\/11\/a.jpg 1000w, https:\/\/geassikayet.gama.com.tr\/wp-content\/uploads\/2023\/11\/a-300x104.jpg 300w, https:\/\/geassikayet.gama.com.tr\/wp-content\/uploads\/2023\/11\/a-768x266.jpg 768w\" sizes=\"(max-width: 1000px) 100vw, 1000px\" \/>\t\t\t\t\t\t\t\t\t\t\t\t\t\t\t<\/div>\n\t\t\t\t<\/div>\n\t\t\t\t<div class=\"elementor-element elementor-element-cfd4ea5 elementor-widget elementor-widget-heading\" data-id=\"cfd4ea5\" data-element_type=\"widget\" data-widget_type=\"heading.default\">\n\t\t\t\t<div class=\"elementor-widget-container\">\n\t\t\t<style>\/*! elementor - v3.18.0 - 08-12-2023 *\/\n.elementor-heading-title{padding:0;margin:0;line-height:1}.elementor-widget-heading .elementor-heading-title[class*=elementor-size-]>a{color:inherit;font-size:inherit;line-height:inherit}.elementor-widget-heading .elementor-heading-title.elementor-size-small{font-size:15px}.elementor-widget-heading .elementor-heading-title.elementor-size-medium{font-size:19px}.elementor-widget-heading .elementor-heading-title.elementor-size-large{font-size:29px}.elementor-widget-heading .elementor-heading-title.elementor-size-xl{font-size:39px}.elementor-widget-heading .elementor-heading-title.elementor-size-xxl{font-size:59px}<\/style><h2 class=\"elementor-heading-title elementor-size-default\">G\u00fcvenli ve emniyetli bir i\u015f yeri sizinle ba\u015flar<\/h2>\t\t<\/div>\n\t\t\t\t<\/div>\n\t\t\t\t<div class=\"elementor-element elementor-element-d8391ce elementor-widget elementor-widget-text-editor\" data-id=\"d8391ce\" data-element_type=\"widget\" data-widget_type=\"text-editor.default\">\n\t\t\t\t<div class=\"elementor-widget-container\">\n\t\t\t<style>\/*! elementor - v3.18.0 - 08-12-2023 *\/\n.elementor-widget-text-editor.elementor-drop-cap-view-stacked .elementor-drop-cap{background-color:#69727d;color:#fff}.elementor-widget-text-editor.elementor-drop-cap-view-framed .elementor-drop-cap{color:#69727d;border:3px solid;background-color:transparent}.elementor-widget-text-editor:not(.elementor-drop-cap-view-default) .elementor-drop-cap{margin-top:8px}.elementor-widget-text-editor:not(.elementor-drop-cap-view-default) .elementor-drop-cap-letter{width:1em;height:1em}.elementor-widget-text-editor .elementor-drop-cap{float:left;text-align:center;line-height:1;font-size:50px}.elementor-widget-text-editor .elementor-drop-cap-letter{display:inline-block}<\/style>\t\t\t\t<p>GAMA Enerji, i\u00e7 ve d\u0131\u015f taraflardan gelen talep, \u015fikayet, taciz, r\u00fc\u015fvet ve yolsuzluk bildirimlerini \u015firket i\u00e7i prosed\u00fcrlerine uygun olarak kay\u0131t alt\u0131na almaktad\u0131r.<\/p><p>Bu konulardaki bildirimlerinizi form arac\u0131l\u0131\u011f\u0131 ile GAMA Enerji'ye (isimli veya isimsiz olarak) bildirebilirsiniz. Bildiriminiz ilgili departmana an\u0131nda iletilecektir. Yapm\u0131\u015f oldu\u011funuz bildirim sonras\u0131nda, bildiriminizi takip etmek i\u00e7in taraf\u0131n\u0131za ekranda takip numaras\u0131 verilecektir. \u0130simsiz bildirimler i\u00e7in izlenemeyecek bir eposta adresi otomatik olarak verilecektir. L\u00fctfen eposta adresinizi ve takip numaran\u0131z\u0131 kaydediniz.<\/p>\t\t\t\t\t\t<\/div>\n\t\t\t\t<\/div>\n\t\t\t\t<div class=\"elementor-element elementor-element-46b4037 kaydetbutonu elementor-widget elementor-widget-heading\" data-id=\"46b4037\" data-element_type=\"widget\" data-widget_type=\"heading.default\">\n\t\t\t\t<div class=\"elementor-widget-container\">\n\t\t\t<span class=\"elementor-heading-title elementor-size-default\">Kaydet<\/span>\t\t<\/div>\n\t\t\t\t<\/div>\n\t\t\t\t<div class=\"elementor-element elementor-element-ad07d5a elementor-widget elementor-widget-shortcode\" data-id=\"ad07d5a\" data-element_type=\"widget\" data-widget_type=\"shortcode.default\">\n\t\t\t\t<div class=\"elementor-widget-container\">\n\t\t\t\t\t<div class=\"elementor-shortcode\"><div class=\"jsst-main-up-wrapper\">\n\n\t\t<div id=\"jsst-header-main-wrapper\"><div id=\"jsst-header\" class=\"\"><div id=\"jsst-tabs-wrp\" class=\"\"><span class=\"jsst-header-tab js-ticket-homeclass\"><a class=\"js-cp-menu-link\" href=\"https:\/\/geassikayet.gama.com.tr\/tr\/control-panel\">Dashboard<\/a><\/span><span class=\"jsst-header-tab js-ticket-openticketclass\"><a class=\"js-cp-menu-link\" href=\"https:\/\/geassikayet.gama.com.tr\/tr\/add-ticket\">Submit Ticket<\/a><\/span><span class=\"jsst-header-tab js-ticket-myticket\"><a class=\"js-cp-menu-link\" href=\"https:\/\/geassikayet.gama.com.tr\/tr\/my-tickets\">My Tickets<\/a><\/span><\/div><\/div><\/div>\n\n    <div class=\"js-cp-main-wrp\">\n        <div class=\"js-cp-left\">\n            <!-- cp links for user -->\n                                    <div id=\"js-dash-menu-link-wrp\"><!-- Dashboard Links -->\n                            <div class=\"js-section-heading\">Dashboard Links<\/div>\n                            <div class=\"js-menu-links-wrp\">\n                                \n                            <\/div>\n                        <\/div>\n                    \n            <!-- cp links for agent -->\n                    <\/div>\n        <div class=\"js-cp-right\">\n                        <div class=\"js-support-ticket-cont\">\n                <div class=\"js-support-ticket-box\">\n                    \n                    <img decoding=\"async\" src=\"https:\/\/geassikayet.gama.com.tr\/wp-content\/plugins\/js-support-ticket\/includes\/images\/dashboard\/add-ticket.png\" alt=\"Create Ticket\" \/>\n                    <div class=\"js-support-ticket-title\">\n                        Submit Ticket                    <\/div>\n                    <div class=\"js-support-ticket-desc\">\n                        Submit ticket                    <\/div>\n                    <a  href=\"https:\/\/geassikayet.gama.com.tr\/tr\/add-ticket\" class=\"js-support-ticket-btn\">\n                        Submit Ticket                    <\/a>\n                <\/div>\n                <div class=\"js-support-ticket-box\">\n                    <img decoding=\"async\" src=\"https:\/\/geassikayet.gama.com.tr\/wp-content\/plugins\/js-support-ticket\/includes\/images\/dashboard\/my-tickets.png\" alt=\"my ticket\" \/>\n                    <div class=\"js-support-ticket-title\">\n                        My Tickets                    <\/div>\n                    <div class=\"js-support-ticket-desc\">\n                        View all the created tickets                    <\/div>\n                    <a href=\"https:\/\/geassikayet.gama.com.tr\/tr\/my-tickets\" class=\"js-support-ticket-btn\">\n                        My Tickets                    <\/a>\n                <\/div>\n                <div class=\"js-support-ticket-box\">\n                    <img decoding=\"async\" src=\"https:\/\/geassikayet.gama.com.tr\/wp-content\/plugins\/js-support-ticket\/includes\/images\/dashboard\/ticket-status.png\" alt=\"Ticket Status\" \/>\n                    <div class=\"js-support-ticket-title\">\n                        Ticket Status                    <\/div>\n                    <div class=\"js-support-ticket-desc\">\n                        your ticket status                    <\/div>\n                    <a href=\"https:\/\/geassikayet.gama.com.tr\/tr\/ticket-status\" class=\"js-support-ticket-btn\">\n                        Ticket Status                    <\/a>\n                <\/div>\n            <\/div>\n                        <!-- count boxes -->\n                        <!-- latest user tickets -->\n                        <!-- agent data chart -->\n                        <!-- latest downloads -->\n                        <!-- latest announcements -->\n                        <!-- latest articles -->\n                        <!-- latest faqs -->\n                    <\/div>\n        <!-- latest agent tickets -->\n            <\/div>\n\n\n    <div id=\"js-ticket-main-black-background\" style=\"display:none;\"><\/div>\n    <div id=\"js-ticket-main-popup\" style=\"display:none;\">\n        <span id=\"js-ticket-popup-title\"><\/span>\n        <span id=\"js-ticket-popup-close-button\"><img decoding=\"async\" alt=\"image\" src=\"https:\/\/geassikayet.gama.com.tr\/wp-content\/plugins\/js-support-ticket\/includes\/images\/close-icon-white.png\" \/><\/span>\n        <div id=\"js-ticket-main-content\"><\/div>\n        <div id=\"js-ticket-main-downloadallbtn\"><\/div>\n    <\/div>\n\n    \n<\/div>\n\n<\/div>\n\t\t\t\t<\/div>\n\t\t\t\t<\/div>\n\t\t\t\t\t<\/div>\n\t\t\t\t<\/div>\n\t\t\t\t\t<\/div>\n\t\t\t\t<\/div>\n\t\t\t\t\t\t\t<\/div>","protected":false},"excerpt":{"rendered":"<p>A safe and secure workplace begins with you GAMA Enerji all records about requests, complaints, harassment, bribery and corruption notifications from internal and external parties in accordance with its internal procedures. You can submit your notifications on these issues to GAMA Energy (namely or anonymously) via the form given below. Your notification will be immediately [&hellip;]<\/p>","protected":false},"author":3,"featured_media":0,"parent":0,"menu_order":0,"comment_status":"closed","ping_status":"closed","template":"","meta":{"footnotes":""},"class_list":["post-8","page","type-page","status-publish","hentry"],"_links":{"self":[{"href":"https:\/\/geassikayet.gama.com.tr\/tr\/wp-json\/wp\/v2\/pages\/8","targetHints":{"allow":["GET"]}}],"collection":[{"href":"https:\/\/geassikayet.gama.com.tr\/tr\/wp-json\/wp\/v2\/pages"}],"about":[{"href":"https:\/\/geassikayet.gama.com.tr\/tr\/wp-json\/wp\/v2\/types\/page"}],"author":[{"embeddable":true,"href":"https:\/\/geassikayet.gama.com.tr\/tr\/wp-json\/wp\/v2\/users\/3"}],"replies":[{"embeddable":true,"href":"https:\/\/geassikayet.gama.com.tr\/tr\/wp-json\/wp\/v2\/comments?post=8"}],"version-history":[{"count":39,"href":"https:\/\/geassikayet.gama.com.tr\/tr\/wp-json\/wp\/v2\/pages\/8\/revisions"}],"predecessor-version":[{"id":287,"href":"https:\/\/geassikayet.gama.com.tr\/tr\/wp-json\/wp\/v2\/pages\/8\/revisions\/287"}],"wp:attachment":[{"href":"https:\/\/geassikayet.gama.com.tr\/tr\/wp-json\/wp\/v2\/media?parent=8"}],"curies":[{"name":"wp","href":"https:\/\/api.w.org\/{rel}","templated":true}]}}