{"id":246,"date":"2023-12-06T14:20:47","date_gmt":"2023-12-06T14:20:47","guid":{"rendered":"https:\/\/geassikayet.gama.com.tr\/?page_id=246"},"modified":"2023-12-06T16:36:19","modified_gmt":"2023-12-06T16:36:19","slug":"privacy-policy","status":"publish","type":"page","link":"https:\/\/geassikayet.gama.com.tr\/tr\/privacy-policy\/","title":{"rendered":"Gizlilik Politikas\u0131"},"content":{"rendered":"<div data-elementor-type=\"wp-page\" data-elementor-id=\"246\" class=\"elementor elementor-246\" data-elementor-post-type=\"page\">\n\t\t\t\t\t\t\t<div class=\"elementor-element elementor-element-303ff317 e-flex e-con-boxed e-con e-parent\" data-id=\"303ff317\" data-element_type=\"container\" data-settings=\"{&quot;container_type&quot;:&quot;flex&quot;,&quot;content_width&quot;:&quot;boxed&quot;}\" data-core-v316-plus=\"true\">\n\t\t\t\t\t<div class=\"e-con-inner\">\n\t\t\t\t<div class=\"elementor-element elementor-element-7e9c1bb elementor-widget elementor-widget-heading\" data-id=\"7e9c1bb\" data-element_type=\"widget\" data-widget_type=\"heading.default\">\n\t\t\t\t<div class=\"elementor-widget-container\">\n\t\t\t<style>\/*! elementor - v3.18.0 - 08-12-2023 *\/\n.elementor-heading-title{padding:0;margin:0;line-height:1}.elementor-widget-heading .elementor-heading-title[class*=elementor-size-]>a{color:inherit;font-size:inherit;line-height:inherit}.elementor-widget-heading .elementor-heading-title.elementor-size-small{font-size:15px}.elementor-widget-heading .elementor-heading-title.elementor-size-medium{font-size:19px}.elementor-widget-heading .elementor-heading-title.elementor-size-large{font-size:29px}.elementor-widget-heading .elementor-heading-title.elementor-size-xl{font-size:39px}.elementor-widget-heading .elementor-heading-title.elementor-size-xxl{font-size:59px}<\/style><h2 class=\"elementor-heading-title elementor-size-default\">Gizlilik Politikas\u0131<\/h2>\t\t<\/div>\n\t\t\t\t<\/div>\n\t\t\t\t<div class=\"elementor-element elementor-element-762aa6c0 elementor-widget elementor-widget-text-editor\" data-id=\"762aa6c0\" data-element_type=\"widget\" data-widget_type=\"text-editor.default\">\n\t\t\t\t<div class=\"elementor-widget-container\">\n\t\t\t<style>\/*! elementor - v3.18.0 - 08-12-2023 *\/\n.elementor-widget-text-editor.elementor-drop-cap-view-stacked .elementor-drop-cap{background-color:#69727d;color:#fff}.elementor-widget-text-editor.elementor-drop-cap-view-framed .elementor-drop-cap{color:#69727d;border:3px solid;background-color:transparent}.elementor-widget-text-editor:not(.elementor-drop-cap-view-default) .elementor-drop-cap{margin-top:8px}.elementor-widget-text-editor:not(.elementor-drop-cap-view-default) .elementor-drop-cap-letter{width:1em;height:1em}.elementor-widget-text-editor .elementor-drop-cap{float:left;text-align:center;line-height:1;font-size:50px}.elementor-widget-text-editor .elementor-drop-cap-letter{display:inline-block}<\/style>\t\t\t\t<!-- wp:paragraph -->\n<p><strong>Ki\u015fisel Verilerin Korunmas\u0131 ve \u0130\u015flenmesi Hakk\u0131nda Bilgilendirme<\/strong><strong>&nbsp;<\/strong><\/p>\n<!-- \/wp:paragraph -->\n\n<!-- wp:paragraph -->\n<p class=\" translation-block\">6698 say\u0131l\u0131 Ki\u015fisel Verilerin Korunmas\u0131 Kanunu (\u201cKanun\u201d) 24 Mart 2016 tarihinde kabul edilmi\u015f olup 7 Nisan 2016 tarihli ve 29677 say\u0131l\u0131 Resmi Gazete\u2019de yay\u0131mlanm\u0131\u015ft\u0131r.\n\nKanun\u2019un amac\u0131, Ki\u015fisel Verilerin i\u015flenmesinde ba\u015fta \u00f6zel hayat\u0131n gizlili\u011fi olmak \u00fczere ki\u015filerin temel hak ve \u00f6zg\u00fcrl\u00fcklerini korumak ve Ki\u015fisel Verileri i\u015fleyen ger\u00e7ek ve t\u00fczel ki\u015filerin y\u00fck\u00fcml\u00fcl\u00fckleri ile uyacaklar\u0131 usul ve esaslar\u0131 d\u00fczenlemektir. Bu Kanun\u2019la verilen g\u00f6revleri yerine getirmek \u00fczere, idari ve mali \u00f6zerkli\u011fe sahip ve kamu t\u00fczel ki\u015fili\u011fini haiz bir Ki\u015fisel Verileri Koruma Kurumu da kurulmu\u015ftur.<\/p>\n<!-- \/wp:paragraph -->\n\n<!-- wp:paragraph -->\n<p><strong>Ki\u015fisel Veri Nedir?<\/strong><\/p>\n<!-- \/wp:paragraph -->\n\n<!-- wp:paragraph -->\n<p>Ki\u015fisel veri, \u201cger\u00e7ek ki\u015filere\u201d ili\u015fkin her t\u00fcrl\u00fc bilgiyi ifade etmektedir.\n\nAd\u0131n\u0131z, T.C. Kimlik Numaran\u0131z, n\u00fcfus bilgileriniz, telefon numaran\u0131z, ev adresiniz, \u015eirket e-postas\u0131 \u00fczerinden yapt\u0131\u011f\u0131n\u0131z yaz\u0131\u015fmalar\u0131n\u0131z, ta\u015f\u0131t plakan\u0131z, sosyal g\u00fcvenlik numaran\u0131z, pasaport bilgileriniz, \u00f6zge\u00e7mi\u015finiz, foto\u011fraf\u0131n\u0131z, kan grubunuz, sa\u011fl\u0131k bilgileriniz gibi veriler Kanun kapsam\u0131nda ki\u015fisel veri olarak de\u011ferlendirilmektedir.\n\nT\u00fczel ki\u015filere (\u015firketlere\/kurumlara) ili\u015fkin veriler ise bu Kanun\u2019un kapsam\u0131nda de\u011fildir.<\/p>\n<!-- \/wp:paragraph -->\n\n<!-- wp:paragraph -->\n<p><strong>Veri Sorumlusu Kimdir?<\/strong><strong>&nbsp;<\/strong><\/p>\n<!-- \/wp:paragraph -->\n\n<!-- wp:paragraph -->\n<p>\u015eirketimizle payla\u015ft\u0131\u011f\u0131n\u0131z Ki\u015fisel Verilerinizin i\u015flenmesi halinde i\u015fleme ama\u00e7 ve vas\u0131talar\u0131n\u0131 belirleyen, veri kay\u0131t sisteminin kurulmas\u0131ndan ve y\u00f6netilmesinden sorumlu olan veri sorumlusu \u015eirket\u2019tir.<\/p>\n<!-- \/wp:paragraph -->\n\n<!-- wp:paragraph -->\n<p><strong>Ki\u015fisel Verilerinizin \u0130\u015flenmesi Ne Demektir?<\/strong><strong>&nbsp;<\/strong><\/p>\n<!-- \/wp:paragraph -->\n\n<!-- wp:paragraph -->\n<p>Ki\u015fisel Verilerinizin i\u015flenmesi, s\u00f6z konusu verilerin s\u00f6zl\u00fc, yaz\u0131l\u0131 veya elektronik olarak toplanmas\u0131, kaydedilmesi, depolanmas\u0131, s\u0131n\u0131fland\u0131r\u0131lmas\u0131 gibi i\u015flemlere tabi tutulmas\u0131 anlam\u0131na gelmektedir.<\/p>\n<!-- \/wp:paragraph -->\n\n<!-- wp:paragraph -->\n<p><strong>Ki\u015fisel Verilerinizi Hangi Ama\u00e7larla \u0130\u015fleyebiliriz?<\/strong><strong>&nbsp;<\/strong><\/p>\n<!-- \/wp:paragraph -->\n\n<!-- wp:paragraph -->\n<p>Ki\u015fisel Verilerinizi \u0130\u015f Kanunu, T\u00fcrk Ticaret Kanunu, Sosyal G\u00fcvenlik Kanunu ve di\u011fer mevzuat ile ilgili sorumluluklar\u0131m\u0131z\u0131 yerine getirilebilmek; \u015eirket ile payla\u015ft\u0131\u011f\u0131n\u0131z Ki\u015fisel Verilerinizi koruyabilmek; personelimizin ve ziyaret\u00e7ilerimizin sa\u011fl\u0131\u011f\u0131 ve g\u00fcvenli\u011fini sa\u011flayabilmek; personelimiz, ta\u015feronlar\u0131m\u0131z, tedarik\u00e7ilerimiz, di\u011fer hizmet sa\u011flay\u0131c\u0131lar\u0131m\u0131z ve hizmet verdi\u011fimiz kurulu\u015flarla olan i\u015f ili\u015fkilerimizi sa\u011fl\u0131kl\u0131 \u015fekilde y\u00fcr\u00fctebilmek; bu kapsamda gerekli olan kimlik, adres, g\u00f6r\u00fcnt\u00fc gibi bilgilere ula\u015fabilmek; t\u00fcm kay\u0131t ve belgelerimizi ka\u011f\u0131t \u00fcst\u00fcnde veya elektronik ortamda d\u00fczenleyebilmek; mevzuat veya adli ve\/veya idari makamlarca \u00f6ng\u00f6r\u00fclen bilgi saklama, raporlama, bilgilendirme y\u00fck\u00fcml\u00fcl\u00fcklerimize uygun hareket edilebilmek i\u00e7in i\u015fleyebiliriz.<\/p>\n<!-- \/wp:paragraph -->\n\n<!-- wp:paragraph -->\n<p><strong>Ki\u015fisel Verilerinizi Hangi Ama\u00e7larla ve Kimlere Aktarabiliriz?<\/strong><strong>&nbsp;<\/strong><\/p>\n<!-- \/wp:paragraph -->\n\n<!-- wp:paragraph -->\n<p>Yukar\u0131da belirtilen ama\u00e7lar dahilinde, \u015eirketimizle payla\u015ft\u0131\u011f\u0131n\u0131z Ki\u015fisel Verilerinizin aktar\u0131labilece\u011fi ki\u015fi\/kurulu\u015flar; \u00c7al\u0131\u015fma ve Sosyal G\u00fcvenlik Bakanl\u0131\u011f\u0131, G\u00fcmr\u00fck ve Ticaret Bakanl\u0131\u011f\u0131, Bilim, Sanayi ve Teknoloji Bakanl\u0131\u011f\u0131, Sosyal G\u00fcvenlik Kurumu, Sermaye Piyasas\u0131 Kanunu ve mevzuat h\u00fck\u00fcmlerinin izin verdi\u011fi ki\u015fi veya kurulu\u015flar; finansal kurulu\u015flar ile di\u011fer \u00fc\u00e7\u00fcnc\u00fc ki\u015filer; Sermaye Piyasas\u0131 Kurulu, T\u00fcrkiye Cumhuriyeti Merkez Bankas\u0131 gibi kamu t\u00fczel ki\u015fileri; ana hissedarlar\u0131m\u0131z; do\u011frudan\/ dolayl\u0131, yurti\u00e7i\/ yurtd\u0131\u015f\u0131 i\u015ftiraklerimiz; faaliyetlerimizi y\u00fcr\u00fctmek \u00fczere hizmet ald\u0131\u011f\u0131m\u0131z, i\u015f birli\u011fi yapt\u0131\u011f\u0131m\u0131z, program orta\u011f\u0131 oldu\u011fumuz yurt i\u00e7indeki veya yurt d\u0131\u015f\u0131ndaki kurulu\u015flar veya \u015firketler ve di\u011fer \u00fc\u00e7\u00fcnc\u00fc ki\u015filerdir.<\/p>\n<!-- \/wp:paragraph -->\n\n<!-- wp:paragraph -->\n<p><strong>Ki\u015fisel Verileriniz Nas\u0131l Toplanmaktad\u0131r ve Toplaman\u0131n Hukuki Sebebi Nedir?<\/strong><strong>&nbsp;<\/strong><\/p>\n<!-- \/wp:paragraph -->\n\n<!-- wp:paragraph -->\n<p>Ki\u015fisel Verileriniz; internet sitemiz, Merkez ve\/veya ba\u011fl\u0131 \u015eubeler, Ofisler arac\u0131l\u0131\u011f\u0131yla toplanan formlar, g\u00f6r\u00fc\u015fmeler, anketler, s\u00f6zle\u015fmeler, ba\u015fvurular, teklifler, toplant\u0131larda veya ziyaretlerde al\u0131nan s\u00f6zl\u00fc, yaz\u0131l\u0131 ya da g\u00f6rsel bilgi ve belgeler vb. arac\u0131l\u0131\u011f\u0131yla yaz\u0131l\u0131 olarak veya elektronik ortamda Kanun\u2019un 5. ve 6. maddelerindeki hukuki sebeplerden birinin varl\u0131\u011f\u0131 halinde toplanabilmektedir.<\/p>\n<!-- \/wp:paragraph -->\n\n<!-- wp:paragraph -->\n<p><strong>6698 Say\u0131l\u0131 Ki\u015fisel Verilerin Korunmas\u0131 Kanunu\u2019nun 11. Maddesi Uyar\u0131nca Haklar\u0131n\u0131z Nelerdir?<\/strong><\/p>\n<!-- \/wp:paragraph -->\n\n<!-- wp:paragraph -->\n<p>\u015eirketimize ba\u015fvurarak, (i) Ki\u015fisel Verilerinizin i\u015flenip i\u015flenmedi\u011fini \u00f6\u011frenme, (ii) Ki\u015fisel Verileriniz i\u015flenmi\u015fse buna ili\u015fkin bilgi talep etme, (iii) Ki\u015fisel Verilerinizin i\u015flenme amac\u0131n\u0131 ve bunlar\u0131n amac\u0131na uygun kullan\u0131l\u0131p kullan\u0131lmad\u0131\u011f\u0131n\u0131 \u00f6\u011frenme, (iv) Yurt i\u00e7inde veya yurt d\u0131\u015f\u0131nda Ki\u015fisel Verilerinizin aktar\u0131ld\u0131\u011f\u0131 \u00fc\u00e7\u00fcnc\u00fc ki\u015fileri bilme, (v) Ki\u015fisel Verileriniz eksik veya yanl\u0131\u015f i\u015flenmi\u015f ise bunlar\u0131n d\u00fczeltilmesini isteme, (vi) Kanun\u2019un 7. maddesinde \u00f6ng\u00f6r\u00fclen \u015fartlar \u00e7er\u00e7evesinde Ki\u015fisel Verilerin silinmesini veya yok edilmesini isteme, (vii) Yukar\u0131daki (v) ve (vi) bentleri uyar\u0131nca yap\u0131lan i\u015flemlerin, Ki\u015fisel Verilerin aktar\u0131ld\u0131\u011f\u0131 \u00fc\u00e7\u00fcnc\u00fc ki\u015filere bildirilmesini isteme, (viii) \u0130\u015flenen verilerin m\u00fcnhas\u0131ran otomatik sistemler vas\u0131tas\u0131yla analiz edilmesi suretiyle ki\u015finin kendisi aleyhine bir sonucun ortaya \u00e7\u0131kmas\u0131na itiraz etme, (ix) Ki\u015fisel Verilerin Kanun\u2019a ayk\u0131r\u0131 olarak i\u015flenmesi sebebiyle zarara u\u011framas\u0131 h\u00e2linde zarar\u0131n giderilmesini talep etme haklar\u0131na sahipsiniz.\n\nBu haklar\u0131n\u0131z\u0131 kullanmak isterseniz Ki\u015fisel Veri Bilgilendirme Kitap\u00e7\u0131\u011f\u0131\u2019nda yer alan ba\u015fvuru formunu doldururak \u015fahsen ya da noter arac\u0131l\u0131\u011f\u0131yla \u015eirket\u2019e ba\u015fvurabilirsiniz.\n\nS\u00f6z konusu ba\u015fvuruda, kimlik ve adres bilgilerinizin bulunmas\u0131 (\u015eirket \u00e7al\u0131\u015fan\u0131 de\u011filseniz ba\u015fvuruya kimli\u011finizi kan\u0131tlay\u0131c\u0131 belgelerin eklenmesi); kullanmay\u0131 talep etti\u011finiz hakk\u0131n\u0131z\u0131n yukar\u0131dakilerden hangisi\/ hangileri oldu\u011funun belirtilmesi; talep etti\u011finiz hususun a\u00e7\u0131k ve anla\u015f\u0131l\u0131r olmas\u0131 ve talep etti\u011finiz konunun \u015fahs\u0131n\u0131z ile ilgili olmas\u0131 gerekmektedir.<\/p>\n<!-- \/wp:paragraph -->\n\n<!-- wp:paragraph -->\n<p class=\" translation-block\"><p>GAMA Enerji <a href=\"https:\/\/enerji.gama.com.tr\/tr\/genel-aydinlatma-metni\/\"><strong>Ki\u015fisel Verilerin \u0130\u015flenmesine \u0130li\u015fkin Genel Ayd\u0131nlatma Metni\u2019ne<\/strong><\/a>, <a href=\"https:\/\/enerji.gama.com.tr\/wp-content\/uploads\/sites\/2\/2023\/10\/GAMA-Enerji-Kisisel-Veri-Bilgilendirme-Kitapcigi-TR.pdf\"><strong>Ki\u015fisel Veri Bilgilendirme Kitap\u00e7\u0131\u011f\u0131\u2019na<\/strong><\/a> ve <a href=\"https:\/\/www.mevzuat.gov.tr\/mevzuat?MevzuatNo=6698&amp;MevzuatTur=1&amp;MevzuatTertip=5\"><strong>Ki\u015fisel Verilerin Korunmas\u0131 Kanunu\u2019na<\/strong><\/a> t\u0131klayarak di\u011fer hususlarda da bilgi sahibi olman\u0131z\u0131 rica ederiz.<\/p><\/p>\n<!-- \/wp:paragraph -->\n\n<!-- wp:paragraph -->\n<p>Sayg\u0131lar\u0131m\u0131zla,<\/p>\n<!-- \/wp:paragraph -->\n\n<!-- wp:paragraph -->\n<p>GAMA Enerji A.\u015e.<\/p>\n<!-- \/wp:paragraph -->\t\t\t\t\t\t<\/div>\n\t\t\t\t<\/div>\n\t\t\t\t\t<\/div>\n\t\t\t\t<\/div>\n\t\t\t\t\t\t\t<\/div>","protected":false},"excerpt":{"rendered":"<p>Privacy Policy Information on the Protection and Processing of Personal Data&nbsp; Law on Protection of the Personal Data numbered 6698 (\u201cLaw\u201d) was adopted on 24 March 2016 and was published in the Official Gazette dated 7 April 2016 and numbered 29677.&nbsp;The purpose of the Law is to protect the fundamental rights and freedoms of individuals, [&hellip;]<\/p>","protected":false},"author":3,"featured_media":0,"parent":0,"menu_order":0,"comment_status":"closed","ping_status":"closed","template":"","meta":{"footnotes":""},"class_list":["post-246","page","type-page","status-publish","hentry"],"_links":{"self":[{"href":"https:\/\/geassikayet.gama.com.tr\/tr\/wp-json\/wp\/v2\/pages\/246","targetHints":{"allow":["GET"]}}],"collection":[{"href":"https:\/\/geassikayet.gama.com.tr\/tr\/wp-json\/wp\/v2\/pages"}],"about":[{"href":"https:\/\/geassikayet.gama.com.tr\/tr\/wp-json\/wp\/v2\/types\/page"}],"author":[{"embeddable":true,"href":"https:\/\/geassikayet.gama.com.tr\/tr\/wp-json\/wp\/v2\/users\/3"}],"replies":[{"embeddable":true,"href":"https:\/\/geassikayet.gama.com.tr\/tr\/wp-json\/wp\/v2\/comments?post=246"}],"version-history":[{"count":5,"href":"https:\/\/geassikayet.gama.com.tr\/tr\/wp-json\/wp\/v2\/pages\/246\/revisions"}],"predecessor-version":[{"id":256,"href":"https:\/\/geassikayet.gama.com.tr\/tr\/wp-json\/wp\/v2\/pages\/246\/revisions\/256"}],"wp:attachment":[{"href":"https:\/\/geassikayet.gama.com.tr\/tr\/wp-json\/wp\/v2\/media?parent=246"}],"curies":[{"name":"wp","href":"https:\/\/api.w.org\/{rel}","templated":true}]}}